{"id":46610,"date":"2026-05-06T08:37:29","date_gmt":"2026-05-06T12:37:29","guid":{"rendered":"https:\/\/www.quaidesbulles.ca\/produit\/savon-glycerine-ca-sent-la-coupe\/"},"modified":"2026-05-06T16:16:44","modified_gmt":"2026-05-06T20:16:44","slug":"savon-glycerine-ca-sent-la-coupe","status":"publish","type":"product","link":"https:\/\/www.quaidesbulles.ca\/en\/produit\/savon-glycerine-ca-sent-la-coupe\/","title":{"rendered":"Savon glyc\u00e9rin\u00e9 \u00c7a sent la coupe !"},"content":{"rendered":"","protected":false},"excerpt":{"rendered":"<div class=\"\" data-block=\"true\" data-editor=\"9qbe9\" data-offset-key=\"e6kk4-0-0\">\n<p class=\"_1mf _1mj\" data-offset-key=\"e6kk4-0-0\"><span data-offset-key=\"e6kk4-0-0\"><span style=\"color: #ff0000;\"><strong>*\u00c9dition limit\u00e9e*<\/strong><\/span><br \/>\n\u00c7a sent la coupe!!! \ud83c\udfd2<\/span><\/p>\n<\/div>\n<p class=\"_1mf _1mj\" data-offset-key=\"9vgli-0-0\"><span data-offset-key=\"9vgli-0-0\">En 2021 nous avions eu beaucoup de plaisir \u00e0 cr\u00e9er ces savons bagatelles sp\u00e9ciaux, en l&#8217;honneur du tricolore. <\/span><\/p>\n<p class=\"_1mf _1mj\" data-offset-key=\"bbae6-0-0\"><span data-offset-key=\"bbae6-0-0\">En 2026 ils sont de retour plein d&#8217;espoir !<\/span><\/p>\n<p>Ce savon glyc\u00e9rin\u00e9 laisse la peau propre et douce. Un savon frais \u00e0 la menthe verte &amp; poivr\u00e9e.<\/p>\n<p><strong>env. 110 g<\/strong><\/p>\n<p><em>La promotion\u00a0<a href=\"https:\/\/www.quaidesbulles.ca\/en\/free-soap-bar-promotion\/\">1 savon gratuit<\/a>\u00a0ne s\u2019applique pas \u00e0 ce produit.<\/em><\/p>\n","protected":false},"featured_media":46611,"template":"","meta":{"_acf_changed":false,"rs_blank_template":"","rs_page_bg_color":"","slide_template_v7":""},"product_brand":[],"product_cat":[364,367,845],"product_tag":[],"class_list":{"0":"post-46610","1":"product","2":"type-product","3":"status-publish","4":"has-post-thumbnail","6":"product_cat-new-products","7":"product_cat-glycerin-soaps","8":"product_cat-other-soaps","10":"first","11":"instock","12":"taxable","13":"shipping-taxable","14":"purchasable","15":"product-type-simple"},"bundled_by":[],"bundle_stock_status":"instock","bundle_stock_quantity":30,"bundle_virtual":false,"bundle_layout":"","bundle_add_to_cart_form_location":"","bundle_editable_in_cart":false,"bundle_sold_individually_context":"","bundle_item_grouping":"","bundle_min_size":"","bundle_max_size":"","bundle_price":[],"bundled_items":[],"bundle_sell_ids":[],"acf":[],"_links":{"self":[{"href":"https:\/\/www.quaidesbulles.ca\/en\/wp-json\/wp\/v2\/product\/46610","targetHints":{"allow":["GET"]}}],"collection":[{"href":"https:\/\/www.quaidesbulles.ca\/en\/wp-json\/wp\/v2\/product"}],"about":[{"href":"https:\/\/www.quaidesbulles.ca\/en\/wp-json\/wp\/v2\/types\/product"}],"wp:featuredmedia":[{"embeddable":true,"href":"https:\/\/www.quaidesbulles.ca\/en\/wp-json\/wp\/v2\/media\/46611"}],"wp:attachment":[{"href":"https:\/\/www.quaidesbulles.ca\/en\/wp-json\/wp\/v2\/media?parent=46610"}],"wp:term":[{"taxonomy":"product_brand","embeddable":true,"href":"https:\/\/www.quaidesbulles.ca\/en\/wp-json\/wp\/v2\/product_brand?post=46610"},{"taxonomy":"product_cat","embeddable":true,"href":"https:\/\/www.quaidesbulles.ca\/en\/wp-json\/wp\/v2\/product_cat?post=46610"},{"taxonomy":"product_tag","embeddable":true,"href":"https:\/\/www.quaidesbulles.ca\/en\/wp-json\/wp\/v2\/product_tag?post=46610"}],"curies":[{"name":"wp","href":"https:\/\/api.w.org\/{rel}","templated":true}]}}