{"id":45471,"date":"2025-07-25T10:19:38","date_gmt":"2025-07-25T14:19:38","guid":{"rendered":"https:\/\/www.quaidesbulles.ca\/produit\/sel-rose-de-lhimalaya\/"},"modified":"2026-03-26T10:10:32","modified_gmt":"2026-03-26T14:10:32","slug":"sel-rose-de-lhimalaya","status":"publish","type":"product","link":"https:\/\/www.quaidesbulles.ca\/en\/produit\/sel-rose-de-lhimalaya\/","title":{"rendered":"Sel rose de l&#8217;Himalaya"},"content":{"rendered":"<p>Riche en min\u00e9raux marins, le sel rose a des propri\u00e9t\u00e9s relaxantes et d\u00e9toxifiantes. Il contribue \u00e0 la circulation sanguine, au maintien de l\u2019hydratation de la peau, favorise la d\u00e9tente musculaire et aide \u00e0 att\u00e9nuer les douleurs articulaires de m\u00eame que les irritations cutan\u00e9es.<\/p>\n<p>Le sel rose de l&#8217;Himalaya est un sel fossilis\u00e9, form\u00e9 \u00e0 partir de l&#8217;\u00e9vaporation de mers il y a des centaines de millions d&#8217;ann\u00e9es.<br \/>\nIl provient d\u2019un lieu unique : la mine Khewra au Pakistan.<\/p>\n","protected":false},"excerpt":{"rendered":"<p>Parfait pour les bains (pieds ou\u00a0 corps).<br \/>\nCes<strong> cristaux <\/strong>de sel\u00a0 rose de l&#8217;Himalaya am\u00e9lioreront votre circulation sanguine, tout en soulageant les douleurs musculaires.<\/p>\n<p><strong>150 g<\/strong><\/p>\n","protected":false},"featured_media":42124,"template":"","meta":{"_acf_changed":false,"rs_blank_template":"","rs_page_bg_color":"","slide_template_v7":""},"product_brand":[],"product_cat":[371,375],"product_tag":[],"class_list":{"0":"post-45471","1":"product","2":"type-product","3":"status-publish","4":"has-post-thumbnail","6":"product_cat-bath-shower","7":"product_cat-body-care-products","9":"first","10":"instock","11":"taxable","12":"shipping-taxable","13":"purchasable","14":"product-type-simple"},"bundled_by":[],"bundle_stock_status":"instock","bundle_stock_quantity":12,"bundle_virtual":false,"bundle_layout":"","bundle_add_to_cart_form_location":"","bundle_editable_in_cart":false,"bundle_sold_individually_context":"","bundle_item_grouping":"","bundle_min_size":"","bundle_max_size":"","bundle_price":[],"bundled_items":[],"bundle_sell_ids":[],"acf":[],"_links":{"self":[{"href":"https:\/\/www.quaidesbulles.ca\/en\/wp-json\/wp\/v2\/product\/45471","targetHints":{"allow":["GET"]}}],"collection":[{"href":"https:\/\/www.quaidesbulles.ca\/en\/wp-json\/wp\/v2\/product"}],"about":[{"href":"https:\/\/www.quaidesbulles.ca\/en\/wp-json\/wp\/v2\/types\/product"}],"wp:featuredmedia":[{"embeddable":true,"href":"https:\/\/www.quaidesbulles.ca\/en\/wp-json\/wp\/v2\/media\/42124"}],"wp:attachment":[{"href":"https:\/\/www.quaidesbulles.ca\/en\/wp-json\/wp\/v2\/media?parent=45471"}],"wp:term":[{"taxonomy":"product_brand","embeddable":true,"href":"https:\/\/www.quaidesbulles.ca\/en\/wp-json\/wp\/v2\/product_brand?post=45471"},{"taxonomy":"product_cat","embeddable":true,"href":"https:\/\/www.quaidesbulles.ca\/en\/wp-json\/wp\/v2\/product_cat?post=45471"},{"taxonomy":"product_tag","embeddable":true,"href":"https:\/\/www.quaidesbulles.ca\/en\/wp-json\/wp\/v2\/product_tag?post=45471"}],"curies":[{"name":"wp","href":"https:\/\/api.w.org\/{rel}","templated":true}]}}