{"id":45459,"date":"2023-05-03T10:13:53","date_gmt":"2023-05-03T14:13:53","guid":{"rendered":"https:\/\/www.quaidesbulles.ca\/produit\/savon-glycerine-luffa-pour-ensemble\/"},"modified":"2026-03-20T19:36:22","modified_gmt":"2026-03-20T23:36:22","slug":"savon-glycerine-luffa-pour-ensemble","status":"publish","type":"product","link":"https:\/\/www.quaidesbulles.ca\/en\/produit\/savon-glycerine-luffa-pour-ensemble\/","title":{"rendered":"Savon glyc\u00e9rin\u00e9 luffa &#8211; pour ensemble"},"content":{"rendered":"","protected":false},"excerpt":{"rendered":"<p>Savon glyc\u00e9rin\u00e9 luffa enti\u00e8rement v\u00e9g\u00e9tal.<\/p>\n","protected":false},"featured_media":31662,"template":"","meta":{"_acf_changed":false,"rs_blank_template":"","rs_page_bg_color":"","slide_template_v7":""},"product_brand":[],"product_cat":[282],"product_tag":[],"class_list":{"0":"post-45459","1":"product","2":"type-product","3":"status-publish","4":"has-post-thumbnail","6":"product_cat-non-classifiee","7":"pa_choix-magnolia-en","8":"pa_choix-lemon-lime","9":"pa_choix-ocean-en","10":"pa_choix-fragrance-free","11":"pa_choix-grape","12":"pa_choix-cranberry","13":"pa_choix-passion-fruit","14":"pa_choix-rainwater","15":"pa_choix-lily-of-the-valley","16":"pa_choix-mango","18":"first","19":"instock","20":"taxable","21":"shipping-taxable","22":"purchasable","23":"product-type-variable"},"bundled_by":[],"bundle_stock_status":"instock","bundle_stock_quantity":20,"bundle_virtual":false,"bundle_layout":"","bundle_add_to_cart_form_location":"","bundle_editable_in_cart":false,"bundle_sold_individually_context":"","bundle_item_grouping":"","bundle_min_size":"","bundle_max_size":"","bundle_price":[],"bundled_items":[],"bundle_sell_ids":[],"acf":[],"_links":{"self":[{"href":"https:\/\/www.quaidesbulles.ca\/en\/wp-json\/wp\/v2\/product\/45459","targetHints":{"allow":["GET"]}}],"collection":[{"href":"https:\/\/www.quaidesbulles.ca\/en\/wp-json\/wp\/v2\/product"}],"about":[{"href":"https:\/\/www.quaidesbulles.ca\/en\/wp-json\/wp\/v2\/types\/product"}],"wp:featuredmedia":[{"embeddable":true,"href":"https:\/\/www.quaidesbulles.ca\/en\/wp-json\/wp\/v2\/media\/31662"}],"wp:attachment":[{"href":"https:\/\/www.quaidesbulles.ca\/en\/wp-json\/wp\/v2\/media?parent=45459"}],"wp:term":[{"taxonomy":"product_brand","embeddable":true,"href":"https:\/\/www.quaidesbulles.ca\/en\/wp-json\/wp\/v2\/product_brand?post=45459"},{"taxonomy":"product_cat","embeddable":true,"href":"https:\/\/www.quaidesbulles.ca\/en\/wp-json\/wp\/v2\/product_cat?post=45459"},{"taxonomy":"product_tag","embeddable":true,"href":"https:\/\/www.quaidesbulles.ca\/en\/wp-json\/wp\/v2\/product_tag?post=45459"}],"curies":[{"name":"wp","href":"https:\/\/api.w.org\/{rel}","templated":true}]}}