{"id":45409,"date":"2025-03-10T15:45:33","date_gmt":"2025-03-10T19:45:33","guid":{"rendered":"https:\/\/www.quaidesbulles.ca\/produit\/poudre-pour-la-literie-anti-acariens\/"},"modified":"2025-03-10T15:45:33","modified_gmt":"2025-03-10T19:45:33","slug":"poudre-pour-la-literie-anti-acariens","status":"publish","type":"product","link":"https:\/\/www.quaidesbulles.ca\/en\/produit\/poudre-pour-la-literie-anti-acariens\/","title":{"rendered":"Poudre pour la literie (anti-acariens)"},"content":{"rendered":"<p>Notre poudre pour la literie est compos\u00e9e d\u2019huiles essentielles et d\u2019herbes. Saupoudrez-la sur le matelas pour aider \u00e0<strong> combattre les acariens<\/strong> et<strong> favoriser<\/strong> enfin un <strong>sommeil<\/strong> r\u00e9parateur.<br \/>\nCe traitement est appr\u00e9ci\u00e9 des personnes souffrant d&#8217;asthme et sensibles \u00e0 la pr\u00e9sence d\u2019acariens.<\/p>\n<p><em>Les pois \u00e0 l\u2019int\u00e9rieur de la bouteille sont utiles contre l\u2019humidit\u00e9.<\/em><br \/>\n<em>Assurez-vous qu\u2019ils soient toujours pr\u00e9sents.<\/em><\/p>\n","protected":false},"excerpt":{"rendered":"<p><span style=\"color: #99cc00\"><strong>NOUVEL EMBALLAGE\u00a0 RECHARGEABLE<\/strong><\/span><\/p>\n<p>&#8211; Compos\u00e9e d\u2019huiles essentielles et d\u2019herbes.<br \/>\n&#8211; Combat les acariens<br \/>\n&#8211; Favorise le sommeil<\/p>\n<p>200 g<br \/>\n(disponible en recharge de 600 g)<\/p>\n","protected":false},"featured_media":39742,"template":"","meta":{"_acf_changed":false,"rs_blank_template":"","rs_page_bg_color":"","slide_template_v7":""},"product_brand":[],"product_cat":[379,380,364],"product_tag":[],"class_list":{"0":"post-45409","1":"product","2":"type-product","3":"status-publish","4":"has-post-thumbnail","6":"product_cat-care-products","7":"product_cat-other-products-accessories","8":"product_cat-new-products","10":"first","11":"instock","12":"taxable","13":"shipping-taxable","14":"purchasable","15":"product-type-simple"},"bundled_by":[],"bundle_stock_status":"instock","bundle_stock_quantity":20,"bundle_virtual":false,"bundle_layout":"","bundle_add_to_cart_form_location":"","bundle_editable_in_cart":false,"bundle_sold_individually_context":"","bundle_item_grouping":"","bundle_min_size":"","bundle_max_size":"","bundle_price":[],"bundled_items":[],"bundle_sell_ids":[],"acf":[],"_links":{"self":[{"href":"https:\/\/www.quaidesbulles.ca\/en\/wp-json\/wp\/v2\/product\/45409","targetHints":{"allow":["GET"]}}],"collection":[{"href":"https:\/\/www.quaidesbulles.ca\/en\/wp-json\/wp\/v2\/product"}],"about":[{"href":"https:\/\/www.quaidesbulles.ca\/en\/wp-json\/wp\/v2\/types\/product"}],"wp:featuredmedia":[{"embeddable":true,"href":"https:\/\/www.quaidesbulles.ca\/en\/wp-json\/wp\/v2\/media\/39742"}],"wp:attachment":[{"href":"https:\/\/www.quaidesbulles.ca\/en\/wp-json\/wp\/v2\/media?parent=45409"}],"wp:term":[{"taxonomy":"product_brand","embeddable":true,"href":"https:\/\/www.quaidesbulles.ca\/en\/wp-json\/wp\/v2\/product_brand?post=45409"},{"taxonomy":"product_cat","embeddable":true,"href":"https:\/\/www.quaidesbulles.ca\/en\/wp-json\/wp\/v2\/product_cat?post=45409"},{"taxonomy":"product_tag","embeddable":true,"href":"https:\/\/www.quaidesbulles.ca\/en\/wp-json\/wp\/v2\/product_tag?post=45409"}],"curies":[{"name":"wp","href":"https:\/\/api.w.org\/{rel}","templated":true}]}}