{"id":45404,"date":"2022-11-03T12:34:00","date_gmt":"2022-11-03T16:34:00","guid":{"rendered":"https:\/\/www.quaidesbulles.ca\/produit\/bol-en-ceramique\/"},"modified":"2022-11-03T12:34:00","modified_gmt":"2022-11-03T16:34:00","slug":"bol-en-ceramique","status":"publish","type":"product","link":"https:\/\/www.quaidesbulles.ca\/en\/produit\/bol-en-ceramique\/","title":{"rendered":"Pot (Bol) en c\u00e9ramique"},"content":{"rendered":"<p>Pot (bol) fabriqu\u00e9 par <a href=\"https:\/\/www.judithdubord.com\/\" target=\"_blank\" rel=\"noopener\">Judith Dubord<\/a>, artiste c\u00e9ramiste de Saint-Jean-Port-Joli.<br \/>\nEn tant que c\u00e9ramiste et verrier, elle se sp\u00e9cialise dans la conception et la production d&#8217;objets m\u00e9tiers d\u2019art, mettant en valeur le m\u00e9tissage des mati\u00e8res.<\/p>\n<p>Ce pot (bol) est id\u00e9al pour notre <a href=\"https:\/\/www.quaidesbulles.ca\/en\/produit\/shaving-soap-for-men\/\" target=\"_blank\" rel=\"noopener\">savon \u00e0 raser barbebleue<\/a>, nos <a href=\"https:\/\/www.quaidesbulles.ca\/en\/produit\/soy-candles-115-g\/\" target=\"_blank\" rel=\"noopener\">recharges de chandelles<\/a> ou pour votre caf\u00e9 du matin!<\/p>\n","protected":false},"excerpt":{"rendered":"<p>Choix parmi 4 couleurs.<\/p>\n<p>D\u00e9couvrez \u00e9galement les ensembles :<\/p>\n<ul>\n<li><a href=\"https:\/\/www.quaidesbulles.ca\/en\/produit\/ensemble-chandelle-115g-et-pot-en-ceramique\/\">Pot + chandelle<\/a><\/li>\n<li><a href=\"https:\/\/www.quaidesbulles.ca\/en\/produit\/ensemble-savon-a-raser-et-pot-en-ceramique\/\">Pot + barbebleue<\/a><\/li>\n<\/ul>\n","protected":false},"featured_media":41402,"template":"","meta":{"_acf_changed":false,"rs_blank_template":"","rs_page_bg_color":"","slide_template_v7":""},"product_brand":[],"product_cat":[364,380,384,443],"product_tag":[],"class_list":{"0":"post-45404","1":"product","2":"type-product","3":"status-publish","4":"has-post-thumbnail","6":"product_cat-new-products","7":"product_cat-other-products-accessories","8":"product_cat-accessories","9":"product_cat-gift-ideas-and-christmas","10":"pa_choix-pot-bol-en-ceramique-bleu","11":"pa_choix-pot-bol-en-ceramique-brun","12":"pa_choix-pot-bol-en-ceramique-rose","13":"pa_choix-pot-bol-en-ceramique-vert","15":"first","16":"instock","17":"taxable","18":"shipping-taxable","19":"purchasable","20":"product-type-variable"},"bundled_by":["45398"],"bundle_stock_status":"instock","bundle_stock_quantity":null,"bundle_virtual":false,"bundle_layout":"","bundle_add_to_cart_form_location":"","bundle_editable_in_cart":false,"bundle_sold_individually_context":"","bundle_item_grouping":"","bundle_min_size":"","bundle_max_size":"","bundle_price":[],"bundled_items":[],"bundle_sell_ids":[],"acf":[],"_links":{"self":[{"href":"https:\/\/www.quaidesbulles.ca\/en\/wp-json\/wp\/v2\/product\/45404","targetHints":{"allow":["GET"]}}],"collection":[{"href":"https:\/\/www.quaidesbulles.ca\/en\/wp-json\/wp\/v2\/product"}],"about":[{"href":"https:\/\/www.quaidesbulles.ca\/en\/wp-json\/wp\/v2\/types\/product"}],"wp:featuredmedia":[{"embeddable":true,"href":"https:\/\/www.quaidesbulles.ca\/en\/wp-json\/wp\/v2\/media\/41402"}],"wp:attachment":[{"href":"https:\/\/www.quaidesbulles.ca\/en\/wp-json\/wp\/v2\/media?parent=45404"}],"wp:term":[{"taxonomy":"product_brand","embeddable":true,"href":"https:\/\/www.quaidesbulles.ca\/en\/wp-json\/wp\/v2\/product_brand?post=45404"},{"taxonomy":"product_cat","embeddable":true,"href":"https:\/\/www.quaidesbulles.ca\/en\/wp-json\/wp\/v2\/product_cat?post=45404"},{"taxonomy":"product_tag","embeddable":true,"href":"https:\/\/www.quaidesbulles.ca\/en\/wp-json\/wp\/v2\/product_tag?post=45404"}],"curies":[{"name":"wp","href":"https:\/\/api.w.org\/{rel}","templated":true}]}}