{"id":45403,"date":"2024-08-19T16:34:20","date_gmt":"2024-08-19T20:34:20","guid":{"rendered":"https:\/\/www.quaidesbulles.ca\/produit\/pierre-ponce-volcanique\/"},"modified":"2024-08-19T16:34:20","modified_gmt":"2024-08-19T20:34:20","slug":"pierre-ponce-volcanique","status":"publish","type":"product","link":"https:\/\/www.quaidesbulles.ca\/en\/produit\/pierre-ponce-volcanique\/","title":{"rendered":"Pierre ponce volcanique"},"content":{"rendered":"","protected":false},"excerpt":{"rendered":"<p>Exfoliation quotidienne pour une peau plus saine.<\/p>\n<p>Fabriqu\u00e9e \u00e0 partir de lave volcanique refroidie infus\u00e9e de magn\u00e9sium, de fer et d\u2019oxyg\u00e8ne, cette pierre ponce d\u2019origine naturelle est parfaite pour exfolier les callosit\u00e9s, lisser les rugosit\u00e9s et \u00e9liminer l\u2019accumulation de peau morte.<\/p>\n<p>Garde la peau douce et souple. Il conserve sa forme pendant une longue p\u00e9riode.<\/p>\n<ul>\n<li>Efficace, simple \u00e0 utiliser et facile \u00e0 nettoyer<\/li>\n<li>Fabriqu\u00e9 \u00e0 partir de roche volcanique naturelle<\/li>\n<li>Respectueux de l\u2019environnement et sans cruaut\u00e9<\/li>\n<\/ul>\n","protected":false},"featured_media":37165,"template":"","meta":{"_acf_changed":false,"rs_blank_template":"","rs_page_bg_color":"","slide_template_v7":""},"product_brand":[],"product_cat":[384],"product_tag":[],"class_list":{"0":"post-45403","1":"product","2":"type-product","3":"status-publish","4":"has-post-thumbnail","6":"product_cat-accessories","8":"first","9":"instock","10":"taxable","11":"shipping-taxable","12":"purchasable","13":"product-type-simple"},"bundled_by":[],"bundle_stock_status":"instock","bundle_stock_quantity":12,"bundle_virtual":false,"bundle_layout":"","bundle_add_to_cart_form_location":"","bundle_editable_in_cart":false,"bundle_sold_individually_context":"","bundle_item_grouping":"","bundle_min_size":"","bundle_max_size":"","bundle_price":[],"bundled_items":[],"bundle_sell_ids":[],"acf":[],"_links":{"self":[{"href":"https:\/\/www.quaidesbulles.ca\/en\/wp-json\/wp\/v2\/product\/45403","targetHints":{"allow":["GET"]}}],"collection":[{"href":"https:\/\/www.quaidesbulles.ca\/en\/wp-json\/wp\/v2\/product"}],"about":[{"href":"https:\/\/www.quaidesbulles.ca\/en\/wp-json\/wp\/v2\/types\/product"}],"wp:featuredmedia":[{"embeddable":true,"href":"https:\/\/www.quaidesbulles.ca\/en\/wp-json\/wp\/v2\/media\/37165"}],"wp:attachment":[{"href":"https:\/\/www.quaidesbulles.ca\/en\/wp-json\/wp\/v2\/media?parent=45403"}],"wp:term":[{"taxonomy":"product_brand","embeddable":true,"href":"https:\/\/www.quaidesbulles.ca\/en\/wp-json\/wp\/v2\/product_brand?post=45403"},{"taxonomy":"product_cat","embeddable":true,"href":"https:\/\/www.quaidesbulles.ca\/en\/wp-json\/wp\/v2\/product_cat?post=45403"},{"taxonomy":"product_tag","embeddable":true,"href":"https:\/\/www.quaidesbulles.ca\/en\/wp-json\/wp\/v2\/product_tag?post=45403"}],"curies":[{"name":"wp","href":"https:\/\/api.w.org\/{rel}","templated":true}]}}