{"id":45399,"date":"2022-12-16T08:54:58","date_gmt":"2022-12-16T13:54:58","guid":{"rendered":"https:\/\/www.quaidesbulles.ca\/produit\/ensemble-savon-a-raser-et-pot-en-ceramique\/"},"modified":"2022-12-16T08:54:58","modified_gmt":"2022-12-16T13:54:58","slug":"ensemble-savon-a-raser-et-pot-en-ceramique","status":"publish","type":"product","link":"https:\/\/www.quaidesbulles.ca\/en\/produit\/ensemble-savon-a-raser-et-pot-en-ceramique\/","title":{"rendered":"Ensemble savon \u00e0 raser 140g et pot en c\u00e9ramique"},"content":{"rendered":"","protected":false},"excerpt":{"rendered":"<p>Cet ensemble comprend un pot en c\u00e9ramique de votre choix et notre savon \u00e0 raser Barbebleue.<\/p>\n<p><span style=\"color: #808080;\"><em>Pot (bol) fabriqu\u00e9 par\u00a0<a style=\"color: #808080;\" href=\"https:\/\/www.judithdubord.com\/\" target=\"_blank\" rel=\"noopener\">Judith Dubord<\/a>, artiste c\u00e9ramiste de Saint-Jean-Port-Joli.<\/em><\/span><br \/>\n<span style=\"color: #808080;\"><em>En tant que c\u00e9ramiste et verrier, elle se sp\u00e9cialise dans la conception et la production d\u2019objets m\u00e9tiers d\u2019art, mettant en valeur le m\u00e9tissage des mati\u00e8res.<\/em><\/span><\/p>\n<p><a href=\"https:\/\/www.quaidesbulles.ca\/en\/produit\/blaireau\/\" target=\"_blank\" rel=\"noopener\">Ajoutez un blaireau \u00e0 votre ensemble<\/a><\/p>\n","protected":false},"featured_media":41422,"template":"","meta":{"_acf_changed":false,"rs_blank_template":"","rs_page_bg_color":"","slide_template_v7":""},"product_brand":[],"product_cat":[847,443,789,810],"product_tag":[],"class_list":{"0":"post-45399","1":"product","2":"type-product","3":"status-publish","4":"has-post-thumbnail","6":"product_cat-cadeaux-pour-papa-en","7":"product_cat-gift-ideas-and-christmas","8":"product_cat-customized-gifts","9":"product_cat-ensembles-coffrets-et-boites-cadeaux-en","11":"first","12":"instock","13":"sale","14":"virtual","15":"taxable","16":"purchasable","17":"product-type-bundle"},"bundled_by":[],"bundle_stock_status":"instock","bundle_stock_quantity":32,"bundle_virtual":false,"bundle_layout":"grid","bundle_add_to_cart_form_location":"after_summary","bundle_editable_in_cart":false,"bundle_sold_individually_context":"product","bundle_item_grouping":"parent","bundle_min_size":"","bundle_max_size":"","bundle_price":{"price":{"min":{"incl_tax":"30","excl_tax":"30"},"max":{"incl_tax":"30","excl_tax":"30"}},"regular_price":{"min":{"incl_tax":"35","excl_tax":"35"},"max":{"incl_tax":"35","excl_tax":"35"}}},"bundled_items":[{"bundled_item_id":208,"product_id":7832,"menu_order":1,"quantity_min":1,"quantity_max":1,"quantity_default":1,"priced_individually":false,"shipped_individually":false,"override_title":false,"title":"Shaving Soap for Men","override_description":true,"description":"","optional":false,"hide_thumbnail":true,"discount":"","override_variations":false,"allowed_variations":[""],"override_default_variation_attributes":true,"default_variation_attributes":[],"single_product_visibility":"visible","cart_visibility":"visible","order_visibility":"visible","single_product_price_visibility":"visible","cart_price_visibility":"visible","order_price_visibility":"visible","stock_status":"in_stock"}],"bundle_sell_ids":[],"acf":[],"_links":{"self":[{"href":"https:\/\/www.quaidesbulles.ca\/en\/wp-json\/wp\/v2\/product\/45399","targetHints":{"allow":["GET"]}}],"collection":[{"href":"https:\/\/www.quaidesbulles.ca\/en\/wp-json\/wp\/v2\/product"}],"about":[{"href":"https:\/\/www.quaidesbulles.ca\/en\/wp-json\/wp\/v2\/types\/product"}],"wp:featuredmedia":[{"embeddable":true,"href":"https:\/\/www.quaidesbulles.ca\/en\/wp-json\/wp\/v2\/media\/41422"}],"wp:attachment":[{"href":"https:\/\/www.quaidesbulles.ca\/en\/wp-json\/wp\/v2\/media?parent=45399"}],"wp:term":[{"taxonomy":"product_brand","embeddable":true,"href":"https:\/\/www.quaidesbulles.ca\/en\/wp-json\/wp\/v2\/product_brand?post=45399"},{"taxonomy":"product_cat","embeddable":true,"href":"https:\/\/www.quaidesbulles.ca\/en\/wp-json\/wp\/v2\/product_cat?post=45399"},{"taxonomy":"product_tag","embeddable":true,"href":"https:\/\/www.quaidesbulles.ca\/en\/wp-json\/wp\/v2\/product_tag?post=45399"}],"curies":[{"name":"wp","href":"https:\/\/api.w.org\/{rel}","templated":true}]}}