{"id":45397,"date":"2020-03-30T13:00:36","date_gmt":"2020-03-30T17:00:36","guid":{"rendered":"https:\/\/www.quaidesbulles.ca\/produit\/ensemble-hydratation-complete-des-mains\/"},"modified":"2026-04-28T19:44:08","modified_gmt":"2026-04-28T23:44:08","slug":"ensemble-hydratation-complete-des-mains","status":"publish","type":"product","link":"https:\/\/www.quaidesbulles.ca\/en\/produit\/ensemble-hydratation-complete-des-mains\/","title":{"rendered":"Ensemble &#8211; Hydratation compl\u00e8te des mains"},"content":{"rendered":"<p>Comprend les produits suivants :<br \/>\n1 <a href=\"https:\/\/www.quaidesbulles.ca\/en\/produit\/repair-butter-for-hands-and-feet\/\">beurre r\u00e9parateur<\/a><br \/>\n1 <a href=\"https:\/\/www.quaidesbulles.ca\/en\/produit\/hempseed-oil-soap\/\">savon \u00e0 l\u2019huile de chanvre<\/a><br \/>\n1 paire de gants de coton<\/p>\n","protected":false},"excerpt":{"rendered":"<p>Des mains hydrat\u00e9es, enfin! Nos mains ont la vie dure ces derniers temps! On vous propose cet ensemble <strong>hydration compl\u00e8te des mains<\/strong>\u00a0qui nourrit en profondeur vos mains dess\u00e9ch\u00e9es par tous ces lavages r\u00e9currents!<\/p>\n","protected":false},"featured_media":13876,"template":"","meta":{"_acf_changed":false,"rs_blank_template":"","rs_page_bg_color":"","slide_template_v7":""},"product_brand":[],"product_cat":[375,379,794,810],"product_tag":[],"class_list":{"0":"post-45397","1":"product","2":"type-product","3":"status-publish","4":"has-post-thumbnail","6":"product_cat-body-care-products","7":"product_cat-care-products","8":"product_cat-for-sensitive-skin","9":"product_cat-ensembles-coffrets-et-boites-cadeaux-en","10":"pa_format-3-x-50-g-en","12":"first","13":"instock","14":"taxable","15":"shipping-taxable","16":"purchasable","17":"product-type-simple"},"bundled_by":[],"bundle_stock_status":"instock","bundle_stock_quantity":null,"bundle_virtual":false,"bundle_layout":"","bundle_add_to_cart_form_location":"","bundle_editable_in_cart":false,"bundle_sold_individually_context":"","bundle_item_grouping":"","bundle_min_size":"","bundle_max_size":"","bundle_price":[],"bundled_items":[],"bundle_sell_ids":[],"acf":[],"_links":{"self":[{"href":"https:\/\/www.quaidesbulles.ca\/en\/wp-json\/wp\/v2\/product\/45397","targetHints":{"allow":["GET"]}}],"collection":[{"href":"https:\/\/www.quaidesbulles.ca\/en\/wp-json\/wp\/v2\/product"}],"about":[{"href":"https:\/\/www.quaidesbulles.ca\/en\/wp-json\/wp\/v2\/types\/product"}],"wp:featuredmedia":[{"embeddable":true,"href":"https:\/\/www.quaidesbulles.ca\/en\/wp-json\/wp\/v2\/media\/13876"}],"wp:attachment":[{"href":"https:\/\/www.quaidesbulles.ca\/en\/wp-json\/wp\/v2\/media?parent=45397"}],"wp:term":[{"taxonomy":"product_brand","embeddable":true,"href":"https:\/\/www.quaidesbulles.ca\/en\/wp-json\/wp\/v2\/product_brand?post=45397"},{"taxonomy":"product_cat","embeddable":true,"href":"https:\/\/www.quaidesbulles.ca\/en\/wp-json\/wp\/v2\/product_cat?post=45397"},{"taxonomy":"product_tag","embeddable":true,"href":"https:\/\/www.quaidesbulles.ca\/en\/wp-json\/wp\/v2\/product_tag?post=45397"}],"curies":[{"name":"wp","href":"https:\/\/api.w.org\/{rel}","templated":true}]}}