{"id":45396,"date":"2023-01-23T16:02:11","date_gmt":"2023-01-23T21:02:11","guid":{"rendered":"https:\/\/www.quaidesbulles.ca\/produit\/coffret-amour-personnalisable\/"},"modified":"2026-04-27T19:43:46","modified_gmt":"2026-04-27T23:43:46","slug":"coffret-amour-personnalisable","status":"publish","type":"product","link":"https:\/\/www.quaidesbulles.ca\/en\/produit\/coffret-amour-personnalisable\/","title":{"rendered":"Coffret d&#8217;Amour &#8211; personnalisable"},"content":{"rendered":"","protected":false},"excerpt":{"rendered":"<p>Offrez de l&#8217;affection<strong> <span style=\"color: #ff0000;\">en personnalisant <\/span><\/strong>votre coffret<strong> &#8221;d&#8217;Amour&#8221; <\/strong>pour le <strong>rendre unique!<\/strong><\/p>\n<p><em>Ce coffret contient 3 savons, 2 bonbons de bain, 1 barre de massage et un baume \u00e0 l\u00e8vres (au choix parmi la s\u00e9lection)<\/em><\/p>\n<p><strong>Vous pouvez \u00e9galement choisir parmi nos 3 coffrets existants<\/strong> <strong>en<\/strong> <a href=\"https:\/\/www.quaidesbulles.ca\/en\/produit\/lovers-boxset-body-care-products\/\">cliquant\u00a0 ici : le rendez-vous \/ le sensuel \/ l&#8217;\u00e9pic\u00e9<\/a><\/p>\n<p>&nbsp;<\/p>\n","protected":false},"featured_media":30280,"template":"","meta":{"_acf_changed":false,"rs_blank_template":"","rs_page_bg_color":"","slide_template_v7":""},"product_brand":[],"product_cat":[789],"product_tag":[],"class_list":{"0":"post-45396","1":"product","2":"type-product","3":"status-publish","4":"has-post-thumbnail","6":"product_cat-customized-gifts","8":"first","9":"instock","10":"virtual","11":"taxable","12":"purchasable","13":"product-type-bundle"},"bundled_by":[],"bundle_stock_status":"instock","bundle_stock_quantity":37,"bundle_virtual":false,"bundle_layout":"grid","bundle_add_to_cart_form_location":"after_summary","bundle_editable_in_cart":false,"bundle_sold_individually_context":"product","bundle_item_grouping":"parent","bundle_min_size":"","bundle_max_size":"","bundle_price":{"price":{"min":{"incl_tax":"32","excl_tax":"32"},"max":{"incl_tax":"32","excl_tax":"32"}},"regular_price":{"min":{"incl_tax":"35","excl_tax":"35"},"max":{"incl_tax":"35","excl_tax":"35"}}},"bundled_items":[{"bundled_item_id":203,"product_id":7745,"menu_order":3,"quantity_min":1,"quantity_max":1,"quantity_default":1,"priced_individually":false,"shipped_individually":false,"override_title":false,"title":"Bath Sweets","override_description":true,"description":"","optional":false,"hide_thumbnail":false,"discount":"","override_variations":false,"allowed_variations":[""],"override_default_variation_attributes":false,"default_variation_attributes":[],"single_product_visibility":"visible","cart_visibility":"visible","order_visibility":"visible","single_product_price_visibility":"visible","cart_price_visibility":"visible","order_price_visibility":"visible","stock_status":"in_stock"},{"bundled_item_id":204,"product_id":7745,"menu_order":3,"quantity_min":1,"quantity_max":1,"quantity_default":1,"priced_individually":false,"shipped_individually":false,"override_title":false,"title":"Bath Sweets","override_description":true,"description":"","optional":false,"hide_thumbnail":false,"discount":"","override_variations":false,"allowed_variations":[""],"override_default_variation_attributes":false,"default_variation_attributes":[],"single_product_visibility":"visible","cart_visibility":"visible","order_visibility":"visible","single_product_price_visibility":"visible","cart_price_visibility":"visible","order_price_visibility":"visible","stock_status":"in_stock"},{"bundled_item_id":205,"product_id":7967,"menu_order":5,"quantity_min":1,"quantity_max":1,"quantity_default":1,"priced_individually":false,"shipped_individually":false,"override_title":false,"title":"Massage Bars","override_description":true,"description":"","optional":false,"hide_thumbnail":false,"discount":"","override_variations":false,"allowed_variations":[""],"override_default_variation_attributes":false,"default_variation_attributes":[],"single_product_visibility":"visible","cart_visibility":"visible","order_visibility":"visible","single_product_price_visibility":"visible","cart_price_visibility":"visible","order_price_visibility":"visible","stock_status":"in_stock"},{"bundled_item_id":206,"product_id":7732,"menu_order":6,"quantity_min":1,"quantity_max":1,"quantity_default":1,"priced_individually":false,"shipped_individually":false,"override_title":false,"title":"Natural Lip Balms","override_description":true,"description":"","optional":false,"hide_thumbnail":false,"discount":"","override_variations":false,"allowed_variations":[""],"override_default_variation_attributes":false,"default_variation_attributes":[],"single_product_visibility":"visible","cart_visibility":"visible","order_visibility":"visible","single_product_price_visibility":"visible","cart_price_visibility":"visible","order_price_visibility":"visible","stock_status":"in_stock"}],"bundle_sell_ids":[],"acf":[],"_links":{"self":[{"href":"https:\/\/www.quaidesbulles.ca\/en\/wp-json\/wp\/v2\/product\/45396","targetHints":{"allow":["GET"]}}],"collection":[{"href":"https:\/\/www.quaidesbulles.ca\/en\/wp-json\/wp\/v2\/product"}],"about":[{"href":"https:\/\/www.quaidesbulles.ca\/en\/wp-json\/wp\/v2\/types\/product"}],"wp:featuredmedia":[{"embeddable":true,"href":"https:\/\/www.quaidesbulles.ca\/en\/wp-json\/wp\/v2\/media\/30280"}],"wp:attachment":[{"href":"https:\/\/www.quaidesbulles.ca\/en\/wp-json\/wp\/v2\/media?parent=45396"}],"wp:term":[{"taxonomy":"product_brand","embeddable":true,"href":"https:\/\/www.quaidesbulles.ca\/en\/wp-json\/wp\/v2\/product_brand?post=45396"},{"taxonomy":"product_cat","embeddable":true,"href":"https:\/\/www.quaidesbulles.ca\/en\/wp-json\/wp\/v2\/product_cat?post=45396"},{"taxonomy":"product_tag","embeddable":true,"href":"https:\/\/www.quaidesbulles.ca\/en\/wp-json\/wp\/v2\/product_tag?post=45396"}],"curies":[{"name":"wp","href":"https:\/\/api.w.org\/{rel}","templated":true}]}}