{"id":45392,"date":"2024-08-13T12:43:58","date_gmt":"2024-08-13T16:43:58","guid":{"rendered":"https:\/\/www.quaidesbulles.ca\/produit\/certificat-cadeau-papier\/"},"modified":"2024-08-13T12:43:58","modified_gmt":"2024-08-13T16:43:58","slug":"certificat-cadeau-papier","status":"publish","type":"product","link":"https:\/\/www.quaidesbulles.ca\/en\/produit\/certificat-cadeau-papier\/","title":{"rendered":"Certificat cadeau papier"},"content":{"rendered":"","protected":false},"excerpt":{"rendered":"<h5><strong><span style=\"color: #ff0000;\">* Pour utilisation dans l&#8217;une de nos 4 boutiques seulement *<\/span><\/strong><\/h5>\n<p>Voici une fa\u00e7on simple et \u00e9l\u00e9gante de faire plaisir aux gens qui comptent pour vous en leur offrant un certificat cadeau papier (enveloppe bleue incluse). Cette surprise leur donnera l&#8217;occasion de sentir, toucher et (re)d\u00e9couvrir tous nos merveilleux produits en main propre.<\/p>\n<p><span style=\"color: #000000;\"><em><strong>Bon \u00e0 savoir :<\/strong> Vous pouvez exp\u00e9dier une commande \u00e0 une autre adresse en cochant la case pr\u00e9vue au moment du d\u00e9tail de facturation. Id\u00e9al pour faire des surprises !<br \/>\n<span style=\"color: #808080;\">(voir onglet astuce plus bas)<\/span><\/em><\/span><\/p>\n<p>Vous pouvez opter pour une exp\u00e9rience virtuelle \u00e0 la place du certificat papier en offrant <a href=\"https:\/\/www.quaidesbulles.ca\/en\/produit\/egift-card\/\">une carte-cadeau virtuelle<\/a> du Quai des Bulles!<\/p>\n<p>&nbsp;<\/p>\n<p>&nbsp;<\/p>\n","protected":false},"featured_media":37101,"template":"","meta":{"_acf_changed":false,"rs_blank_template":"","rs_page_bg_color":"","slide_template_v7":""},"product_brand":[],"product_cat":[789,810,364,380,443,788],"product_tag":[],"class_list":{"0":"post-45392","1":"product","2":"type-product","3":"status-publish","4":"has-post-thumbnail","6":"product_cat-customized-gifts","7":"product_cat-ensembles-coffrets-et-boites-cadeaux-en","8":"product_cat-new-products","9":"product_cat-other-products-accessories","10":"product_cat-gift-ideas-and-christmas","11":"product_cat-christmas","12":"product_shipping_class-enveloppe","14":"first","15":"instock","16":"purchasable","17":"product-type-variable"},"bundled_by":[],"bundle_stock_status":"instock","bundle_stock_quantity":null,"bundle_virtual":false,"bundle_layout":"","bundle_add_to_cart_form_location":"","bundle_editable_in_cart":false,"bundle_sold_individually_context":"","bundle_item_grouping":"","bundle_min_size":"","bundle_max_size":"","bundle_price":[],"bundled_items":[],"bundle_sell_ids":[],"acf":[],"_links":{"self":[{"href":"https:\/\/www.quaidesbulles.ca\/en\/wp-json\/wp\/v2\/product\/45392","targetHints":{"allow":["GET"]}}],"collection":[{"href":"https:\/\/www.quaidesbulles.ca\/en\/wp-json\/wp\/v2\/product"}],"about":[{"href":"https:\/\/www.quaidesbulles.ca\/en\/wp-json\/wp\/v2\/types\/product"}],"wp:featuredmedia":[{"embeddable":true,"href":"https:\/\/www.quaidesbulles.ca\/en\/wp-json\/wp\/v2\/media\/37101"}],"wp:attachment":[{"href":"https:\/\/www.quaidesbulles.ca\/en\/wp-json\/wp\/v2\/media?parent=45392"}],"wp:term":[{"taxonomy":"product_brand","embeddable":true,"href":"https:\/\/www.quaidesbulles.ca\/en\/wp-json\/wp\/v2\/product_brand?post=45392"},{"taxonomy":"product_cat","embeddable":true,"href":"https:\/\/www.quaidesbulles.ca\/en\/wp-json\/wp\/v2\/product_cat?post=45392"},{"taxonomy":"product_tag","embeddable":true,"href":"https:\/\/www.quaidesbulles.ca\/en\/wp-json\/wp\/v2\/product_tag?post=45392"}],"curies":[{"name":"wp","href":"https:\/\/api.w.org\/{rel}","templated":true}]}}