{"id":45391,"date":"2022-11-05T16:43:15","date_gmt":"2022-11-05T20:43:15","guid":{"rendered":"https:\/\/www.quaidesbulles.ca\/produit\/ensemble-boite-decouverte-cocooning\/"},"modified":"2026-04-27T19:43:46","modified_gmt":"2026-04-27T23:43:46","slug":"ensemble-boite-decouverte-cocooning","status":"publish","type":"product","link":"https:\/\/www.quaidesbulles.ca\/en\/produit\/ensemble-boite-decouverte-cocooning\/","title":{"rendered":"Bo\u00eete d\u00e9couverte &#8211; Cocooning &#8211; \u00e0 personnaliser"},"content":{"rendered":"<p class=\"p1\">Faites place aux <b>soins beaut\u00e9<\/b> et reposez-vous dans le confort douillet de votre foyer! Cette <b>bo\u00eete d\u00e9couverte<\/b>\u00a0offre tout pour un moment <b>cocooning<\/b> parfait! On m\u00e9rite bien de penser \u00e0 soi un brin, ou de partager avec quelqu&#8217;un \u00e0 qui on veut du bien. Bonne d\u00e9tente!<\/p>\n<p><strong>Personnalisez votre Cocooning en choisissant vous-m\u00eame les sortes des diff\u00e9rents produits contenus dans cet ensemble<\/strong><b>\u00a0<\/b>:<\/p>\n<p><span class=\"s2\">2 <span class=\"s3\">savons \u00e0 froid + <\/span><\/span><span class=\"s2\">1 <span class=\"s3\">lait d<\/span><span class=\"s3\">e bain + <\/span><\/span><span class=\"s2\">1 <span class=\"s3\">bain de pieds + <\/span><\/span><span class=\"s2\">1 <span class=\"s3\">masque argile + <\/span><\/span><span class=\"s2\">1 <span class=\"s3\">brume d\u2019oreiller +<br \/>\n<\/span><\/span><span class=\"s2\">1 <span class=\"s3\">barre de massage + <\/span><\/span><span class=\"s2\">1 <span class=\"s3\">lait corporel 225 g + <\/span><\/span><span class=\"s2\">2 <span class=\"s3\">bonbons de bain + <\/span><\/span><span class=\"s2\">1 <span class=\"s3\">\u00e9p<\/span><span class=\"s3\">onge luffa<\/span><\/span><\/p>\n<p class=\"p1\"><b><br \/>\nLivraison gratuite!<\/b><\/p>\n<p class=\"p1\">\n","protected":false},"excerpt":{"rendered":"<p class=\"p1\">Faites place aux <b>soins beaut\u00e9<\/b> et reposez-vous dans le confort douillet de votre foyer! Cette <b>bo\u00eete d\u00e9couverte<\/b>\u00a0offre tout pour un moment <b>cocooning<\/b> parfait! On m\u00e9rite bien de penser \u00e0 soi un brin, ou de partager avec quelqu&#8217;un \u00e0 qui on veut du bien. Bonne d\u00e9tente!<\/p>\n<p><span style=\"color: #ff0000;\"><strong>\u2666 Personnalisez votre Cocooning en choisissant vous-m\u00eame les sortes des diff\u00e9rents produits contenus dans cet ensemble<\/strong><\/span> (<span class=\"s2\">2 <span class=\"s3\">savons \u00e0 froid + <\/span><\/span><span class=\"s2\">1 <span class=\"s3\">lait d<\/span><span class=\"s3\">e bain + <\/span><\/span><span class=\"s2\">1 <span class=\"s3\">bain de pieds + <\/span><\/span><span class=\"s2\">1 <span class=\"s3\">masque argile + <\/span><\/span><span class=\"s2\">1 <span class=\"s3\">brume d\u2019oreiller + <\/span><\/span><span class=\"s2\">1 <span class=\"s3\">barre de massage + <\/span><\/span><span class=\"s2\">1 <span class=\"s3\">lait corporel 225 g + <\/span><\/span><span class=\"s2\">2 <span class=\"s3\">bonbons de bain + <\/span><\/span><span class=\"s2\">1 <span class=\"s3\">\u00e9p<\/span><span class=\"s3\">onge luffa + une chandelle de soya 115 g)<br \/>\n<\/span><\/span><\/p>\n<p><span class=\"s2\"><span class=\"s3\"><span style=\"color: #ff0000;\"><strong>\u2666 Vous pr\u00e9f\u00e9rez l&#8217;effet de surprise ! laissez-nous le soin de la personnaliser pour vous :<\/strong><\/span><br \/>\n<a href=\"https:\/\/www.quaidesbulles.ca\/en\/produit\/boite-decouverte-cocooning\/\" target=\"_blank\" rel=\"noopener\">Cliquer ici pour la bo\u00eete cocooning d\u00e9j\u00e0 pr\u00eate.<\/a><br \/>\n<\/span><\/span><\/p>\n","protected":false},"featured_media":28722,"template":"","meta":{"_acf_changed":false,"rs_blank_template":"","rs_page_bg_color":"","slide_template_v7":""},"product_brand":[],"product_cat":[789],"product_tag":[],"class_list":{"0":"post-45391","1":"product","2":"type-product","3":"status-publish","4":"has-post-thumbnail","6":"product_cat-customized-gifts","7":"pa_choix-gaspe-algae-soap","8":"pa_choix-anise-soap","9":"pa_choix-white-clay-soap","11":"first","12":"instock","13":"taxable","14":"shipping-taxable","15":"purchasable","16":"product-type-bundle"},"bundled_by":[],"bundle_stock_status":"instock","bundle_stock_quantity":27,"bundle_virtual":false,"bundle_layout":"grid","bundle_add_to_cart_form_location":"after_summary","bundle_editable_in_cart":false,"bundle_sold_individually_context":"product","bundle_item_grouping":"parent","bundle_min_size":"","bundle_max_size":"","bundle_price":{"price":{"min":{"incl_tax":"95","excl_tax":"95"},"max":{"incl_tax":"95","excl_tax":"95"}},"regular_price":{"min":{"incl_tax":"105","excl_tax":"105"},"max":{"incl_tax":"105","excl_tax":"105"}}},"bundled_items":[{"bundled_item_id":193,"product_id":7836,"menu_order":2,"quantity_min":1,"quantity_max":1,"quantity_default":1,"priced_individually":false,"shipped_individually":false,"override_title":false,"title":"Relaxing Bath Milks","override_description":true,"description":"","optional":false,"hide_thumbnail":false,"discount":"","override_variations":false,"allowed_variations":[""],"override_default_variation_attributes":true,"default_variation_attributes":[],"single_product_visibility":"visible","cart_visibility":"visible","order_visibility":"visible","single_product_price_visibility":"visible","cart_price_visibility":"visible","order_price_visibility":"visible","stock_status":"in_stock"},{"bundled_item_id":194,"product_id":7639,"menu_order":3,"quantity_min":1,"quantity_max":1,"quantity_default":1,"priced_individually":false,"shipped_individually":false,"override_title":false,"title":"Foot Soaks","override_description":true,"description":"","optional":false,"hide_thumbnail":false,"discount":"","override_variations":false,"allowed_variations":[""],"override_default_variation_attributes":true,"default_variation_attributes":[],"single_product_visibility":"visible","cart_visibility":"visible","order_visibility":"visible","single_product_price_visibility":"visible","cart_price_visibility":"visible","order_price_visibility":"visible","stock_status":"in_stock"},{"bundled_item_id":195,"product_id":7634,"menu_order":4,"quantity_min":1,"quantity_max":1,"quantity_default":1,"priced_individually":false,"shipped_individually":false,"override_title":false,"title":"Ready-to-use Clay Face Masks","override_description":true,"description":"","optional":false,"hide_thumbnail":false,"discount":"","override_variations":false,"allowed_variations":[""],"override_default_variation_attributes":true,"default_variation_attributes":[],"single_product_visibility":"visible","cart_visibility":"visible","order_visibility":"visible","single_product_price_visibility":"visible","cart_price_visibility":"visible","order_price_visibility":"visible","stock_status":"in_stock"},{"bundled_item_id":196,"product_id":7759,"menu_order":5,"quantity_min":1,"quantity_max":1,"quantity_default":1,"priced_individually":false,"shipped_individually":false,"override_title":false,"title":"Pillow Mists","override_description":true,"description":"","optional":false,"hide_thumbnail":false,"discount":"","override_variations":false,"allowed_variations":[""],"override_default_variation_attributes":true,"default_variation_attributes":[],"single_product_visibility":"visible","cart_visibility":"visible","order_visibility":"visible","single_product_price_visibility":"visible","cart_price_visibility":"visible","order_price_visibility":"visible","stock_status":"in_stock"},{"bundled_item_id":197,"product_id":7967,"menu_order":6,"quantity_min":1,"quantity_max":1,"quantity_default":1,"priced_individually":false,"shipped_individually":false,"override_title":false,"title":"Massage Bars","override_description":true,"description":"","optional":false,"hide_thumbnail":false,"discount":"","override_variations":false,"allowed_variations":[""],"override_default_variation_attributes":true,"default_variation_attributes":[],"single_product_visibility":"visible","cart_visibility":"visible","order_visibility":"visible","single_product_price_visibility":"visible","cart_price_visibility":"visible","order_price_visibility":"visible","stock_status":"in_stock"},{"bundled_item_id":199,"product_id":7745,"menu_order":7,"quantity_min":1,"quantity_max":1,"quantity_default":1,"priced_individually":false,"shipped_individually":false,"override_title":false,"title":"Bath Sweets","override_description":true,"description":"","optional":false,"hide_thumbnail":false,"discount":"","override_variations":false,"allowed_variations":[""],"override_default_variation_attributes":false,"default_variation_attributes":[],"single_product_visibility":"visible","cart_visibility":"visible","order_visibility":"visible","single_product_price_visibility":"visible","cart_price_visibility":"visible","order_price_visibility":"visible","stock_status":"in_stock"},{"bundled_item_id":198,"product_id":7745,"menu_order":7,"quantity_min":1,"quantity_max":1,"quantity_default":1,"priced_individually":false,"shipped_individually":false,"override_title":false,"title":"Bath Sweets","override_description":true,"description":"","optional":false,"hide_thumbnail":false,"discount":"","override_variations":false,"allowed_variations":[""],"override_default_variation_attributes":false,"default_variation_attributes":[],"single_product_visibility":"visible","cart_visibility":"visible","order_visibility":"visible","single_product_price_visibility":"visible","cart_price_visibility":"visible","order_price_visibility":"visible","stock_status":"in_stock"},{"bundled_item_id":200,"product_id":7844,"menu_order":9,"quantity_min":1,"quantity_max":1,"quantity_default":1,"priced_individually":false,"shipped_individually":false,"override_title":false,"title":"Loofah Sponge","override_description":true,"description":"","optional":false,"hide_thumbnail":false,"discount":"","override_variations":false,"allowed_variations":[""],"override_default_variation_attributes":false,"default_variation_attributes":[],"single_product_visibility":"visible","cart_visibility":"visible","order_visibility":"visible","single_product_price_visibility":"visible","cart_price_visibility":"visible","order_price_visibility":"visible","stock_status":"in_stock"},{"bundled_item_id":201,"product_id":36983,"menu_order":10,"quantity_min":1,"quantity_max":1,"quantity_default":1,"priced_individually":false,"shipped_individually":false,"override_title":false,"title":"Soy Candles &#8211; 115g","override_description":true,"description":"","optional":false,"hide_thumbnail":false,"discount":"","override_variations":false,"allowed_variations":[""],"override_default_variation_attributes":false,"default_variation_attributes":[],"single_product_visibility":"visible","cart_visibility":"visible","order_visibility":"visible","single_product_price_visibility":"visible","cart_price_visibility":"visible","order_price_visibility":"visible","stock_status":"in_stock"},{"bundled_item_id":202,"product_id":45347,"menu_order":11,"quantity_min":1,"quantity_max":1,"quantity_default":1,"priced_individually":false,"shipped_individually":false,"override_title":false,"title":"Body Milk","override_description":true,"description":"","optional":false,"hide_thumbnail":false,"discount":"","override_variations":false,"allowed_variations":[""],"override_default_variation_attributes":false,"default_variation_attributes":[],"single_product_visibility":"visible","cart_visibility":"visible","order_visibility":"visible","single_product_price_visibility":"visible","cart_price_visibility":"visible","order_price_visibility":"visible","stock_status":"in_stock"}],"bundle_sell_ids":[],"acf":[],"_links":{"self":[{"href":"https:\/\/www.quaidesbulles.ca\/en\/wp-json\/wp\/v2\/product\/45391","targetHints":{"allow":["GET"]}}],"collection":[{"href":"https:\/\/www.quaidesbulles.ca\/en\/wp-json\/wp\/v2\/product"}],"about":[{"href":"https:\/\/www.quaidesbulles.ca\/en\/wp-json\/wp\/v2\/types\/product"}],"wp:featuredmedia":[{"embeddable":true,"href":"https:\/\/www.quaidesbulles.ca\/en\/wp-json\/wp\/v2\/media\/28722"}],"wp:attachment":[{"href":"https:\/\/www.quaidesbulles.ca\/en\/wp-json\/wp\/v2\/media?parent=45391"}],"wp:term":[{"taxonomy":"product_brand","embeddable":true,"href":"https:\/\/www.quaidesbulles.ca\/en\/wp-json\/wp\/v2\/product_brand?post=45391"},{"taxonomy":"product_cat","embeddable":true,"href":"https:\/\/www.quaidesbulles.ca\/en\/wp-json\/wp\/v2\/product_cat?post=45391"},{"taxonomy":"product_tag","embeddable":true,"href":"https:\/\/www.quaidesbulles.ca\/en\/wp-json\/wp\/v2\/product_tag?post=45391"}],"curies":[{"name":"wp","href":"https:\/\/api.w.org\/{rel}","templated":true}]}}