{"id":45390,"date":"2023-05-29T13:43:29","date_gmt":"2023-05-29T17:43:29","guid":{"rendered":"https:\/\/www.quaidesbulles.ca\/produit\/boite-decouverte-cocooning\/"},"modified":"2026-04-27T19:43:46","modified_gmt":"2026-04-27T23:43:46","slug":"boite-decouverte-cocooning","status":"publish","type":"product","link":"https:\/\/www.quaidesbulles.ca\/en\/produit\/boite-decouverte-cocooning\/","title":{"rendered":"Bo\u00eete d\u00e9couverte &#8211; Cocooning"},"content":{"rendered":"<p class=\"p1\">Faites place aux <b>soins beaut\u00e9<\/b> et reposez-vous dans le confort douillet de votre foyer! Cette <b>bo\u00eete d\u00e9couverte<\/b>\u00a0offre tout pour un moment <b>cocooning<\/b> parfait! On m\u00e9rite bien de penser \u00e0 soi un brin, ou de partager avec quelqu&#8217;un \u00e0 qui on veut du bien. Bonne d\u00e9tente!<\/p>\n<p><strong>Produits contenus dans cet ensemble<\/strong><b>\u00a0<\/b>:<\/p>\n<p><span class=\"s2\">2 <span class=\"s3\">savons \u00e0 froid + <\/span><\/span><span class=\"s2\">1 <span class=\"s3\">lait d<\/span><span class=\"s3\">e bain + <\/span><\/span><span class=\"s2\">1 <span class=\"s3\">bain de pieds + <\/span><\/span><span class=\"s2\">1 <span class=\"s3\">masque argile + <\/span><\/span><span class=\"s2\">1 <span class=\"s3\">brume d\u2019oreiller +<br \/>\n<\/span><\/span><span class=\"s2\">1 <span class=\"s3\">barre de massage + <\/span><\/span><span class=\"s2\">1 <span class=\"s3\">lait corporel 225 g + <\/span><\/span><span class=\"s2\">2 <span class=\"s3\">bonbons de bain + <\/span><\/span><span class=\"s2\">1 <span class=\"s3\">\u00e9p<\/span><span class=\"s3\">onge luffa<\/span><\/span><\/p>\n<p><b><em>* S\u00e9lection al\u00e9atoire \u00e0 notre discr\u00e9tion.<\/em><\/b><\/p>\n<p><strong>Personnalisez votre Cocooning en choisissant vous-m\u00eame les sortes des diff\u00e9rents produits contenus dans cet ensemble<\/strong>\u00a0 <a href=\"https:\/\/www.quaidesbulles.ca\/en\/produit\/ensemble-boite-decouverte-cocooning\/\">CLIQUEZ ICI<\/a><\/p>\n<p class=\"p1\"><b>Livraison gratuite!<\/b><\/p>\n<p class=\"p1\">\n","protected":false},"excerpt":{"rendered":"<p class=\"p1\">Faites place aux <b>soins beaut\u00e9<\/b> et reposez-vous dans le confort douillet de votre foyer! Cette <b>bo\u00eete d\u00e9couverte<\/b>\u00a0offre tout pour un moment <b>cocooning<\/b> parfait! On m\u00e9rite bien de penser \u00e0 soi un brin, ou de partager avec quelqu&#8217;un \u00e0 qui on veut du bien. Bonne d\u00e9tente!<\/p>\n<p><strong><span style=\"color: #ff0000;\">Personnalisez votre Cocooning<\/span> en choisissant vous-m\u00eame les sortes des diff\u00e9rents produits contenus dans cet ensemble<\/strong>\u00a0 <a href=\"https:\/\/www.quaidesbulles.ca\/en\/produit\/ensemble-boite-decouverte-cocooning\/\">CLIQUEZ ICI<\/a><\/p>\n","protected":false},"featured_media":28722,"template":"","meta":{"_acf_changed":false,"rs_blank_template":"","rs_page_bg_color":"","slide_template_v7":""},"product_brand":[],"product_cat":[810],"product_tag":[],"class_list":{"0":"post-45390","1":"product","2":"type-product","3":"status-publish","4":"has-post-thumbnail","6":"product_cat-ensembles-coffrets-et-boites-cadeaux-en","7":"pa_choix-anise-soap","8":"pa_choix-white-clay-soap","9":"pa_choix-gaspe-algae-soap","11":"first","12":"instock","13":"taxable","14":"shipping-taxable","15":"purchasable","16":"product-type-simple"},"bundled_by":[],"bundle_stock_status":"instock","bundle_stock_quantity":25,"bundle_virtual":false,"bundle_layout":"","bundle_add_to_cart_form_location":"","bundle_editable_in_cart":false,"bundle_sold_individually_context":"","bundle_item_grouping":"","bundle_min_size":"","bundle_max_size":"","bundle_price":[],"bundled_items":[],"bundle_sell_ids":[],"acf":[],"_links":{"self":[{"href":"https:\/\/www.quaidesbulles.ca\/en\/wp-json\/wp\/v2\/product\/45390","targetHints":{"allow":["GET"]}}],"collection":[{"href":"https:\/\/www.quaidesbulles.ca\/en\/wp-json\/wp\/v2\/product"}],"about":[{"href":"https:\/\/www.quaidesbulles.ca\/en\/wp-json\/wp\/v2\/types\/product"}],"wp:featuredmedia":[{"embeddable":true,"href":"https:\/\/www.quaidesbulles.ca\/en\/wp-json\/wp\/v2\/media\/28722"}],"wp:attachment":[{"href":"https:\/\/www.quaidesbulles.ca\/en\/wp-json\/wp\/v2\/media?parent=45390"}],"wp:term":[{"taxonomy":"product_brand","embeddable":true,"href":"https:\/\/www.quaidesbulles.ca\/en\/wp-json\/wp\/v2\/product_brand?post=45390"},{"taxonomy":"product_cat","embeddable":true,"href":"https:\/\/www.quaidesbulles.ca\/en\/wp-json\/wp\/v2\/product_cat?post=45390"},{"taxonomy":"product_tag","embeddable":true,"href":"https:\/\/www.quaidesbulles.ca\/en\/wp-json\/wp\/v2\/product_tag?post=45390"}],"curies":[{"name":"wp","href":"https:\/\/api.w.org\/{rel}","templated":true}]}}