{"id":44963,"date":"2026-01-26T15:08:11","date_gmt":"2026-01-26T20:08:11","guid":{"rendered":"https:\/\/www.quaidesbulles.ca\/produit\/cake-vaisselle-200-g\/"},"modified":"2026-02-07T20:03:34","modified_gmt":"2026-02-08T01:03:34","slug":"cake-vaisselle-200-g","status":"publish","type":"product","link":"https:\/\/www.quaidesbulles.ca\/en\/produit\/cake-vaisselle-200-g\/","title":{"rendered":"Cake vaisselle 200 G"},"content":{"rendered":"","protected":false},"excerpt":{"rendered":"<p>Gr\u00e2ce \u00e0 notre &#8221;Cake Vaisselle&#8221; faire la vaisselle, c&#8217;est du g\u00e2teau ! \ud83d\ude09<\/p>\n<p>Ce savon solide<strong> est concentr\u00e9<\/strong>, il n\u00e9cessite <strong>tr\u00e8s peu d\u2019eau<\/strong> pour un r\u00e9sultat \u00e9clatant\u2009!<br \/>\n<strong>\u00c9conomique<\/strong>, vous appr\u00e9cierez son <strong>efficacit\u00e9<\/strong> et sa facilit\u00e9 d\u2019utilisation\u00a0: une brosse ou une \u00e9ponge sont tout ce dont vous avez besoin.<\/p>\n<p><strong>Multifonction, <\/strong>pas juste pour la vaisselle (+d&#8217;infos dans notre onglet astuce).<br \/>\nC\u2019est un vrai petit miracle ! Vous nous en direz des nouvelles !<\/p>\n<p><strong>200 g &#8211; Odeur YUZU<\/strong><\/p>\n","protected":false},"featured_media":44964,"template":"","meta":{"_acf_changed":false,"rs_blank_template":"","rs_page_bg_color":"","slide_template_v7":""},"product_brand":[],"product_cat":[364,380,383,845],"product_tag":[],"class_list":{"0":"post-44963","1":"product","2":"type-product","3":"status-publish","4":"has-post-thumbnail","6":"product_cat-new-products","7":"product_cat-other-products-accessories","8":"product_cat-outdoor-products","9":"product_cat-other-soaps","11":"first","12":"outofstock","13":"taxable","14":"shipping-taxable","15":"purchasable","16":"product-type-simple"},"bundled_by":[],"bundle_stock_status":"outofstock","bundle_stock_quantity":0,"bundle_virtual":false,"bundle_layout":"","bundle_add_to_cart_form_location":"","bundle_editable_in_cart":false,"bundle_sold_individually_context":"","bundle_item_grouping":"","bundle_min_size":"","bundle_max_size":"","bundle_price":[],"bundled_items":[],"bundle_sell_ids":[],"acf":[],"_links":{"self":[{"href":"https:\/\/www.quaidesbulles.ca\/en\/wp-json\/wp\/v2\/product\/44963","targetHints":{"allow":["GET"]}}],"collection":[{"href":"https:\/\/www.quaidesbulles.ca\/en\/wp-json\/wp\/v2\/product"}],"about":[{"href":"https:\/\/www.quaidesbulles.ca\/en\/wp-json\/wp\/v2\/types\/product"}],"wp:featuredmedia":[{"embeddable":true,"href":"https:\/\/www.quaidesbulles.ca\/en\/wp-json\/wp\/v2\/media\/44964"}],"wp:attachment":[{"href":"https:\/\/www.quaidesbulles.ca\/en\/wp-json\/wp\/v2\/media?parent=44963"}],"wp:term":[{"taxonomy":"product_brand","embeddable":true,"href":"https:\/\/www.quaidesbulles.ca\/en\/wp-json\/wp\/v2\/product_brand?post=44963"},{"taxonomy":"product_cat","embeddable":true,"href":"https:\/\/www.quaidesbulles.ca\/en\/wp-json\/wp\/v2\/product_cat?post=44963"},{"taxonomy":"product_tag","embeddable":true,"href":"https:\/\/www.quaidesbulles.ca\/en\/wp-json\/wp\/v2\/product_tag?post=44963"}],"curies":[{"name":"wp","href":"https:\/\/api.w.org\/{rel}","templated":true}]}}