{"id":41569,"date":"2022-06-16T10:49:41","date_gmt":"2022-06-16T14:49:41","guid":{"rendered":"https:\/\/www.quaidesbulles.ca\/produit\/savon-sacree-sauge\/"},"modified":"2026-04-14T19:29:29","modified_gmt":"2026-04-14T23:29:29","slug":"savon-sacree-sauge","status":"publish","type":"product","link":"https:\/\/www.quaidesbulles.ca\/en\/produit\/savon-sacree-sauge\/","title":{"rendered":"Savon sacr\u00e9e sauge"},"content":{"rendered":"<p>Type de peau: peau normale<\/p>\n","protected":false},"excerpt":{"rendered":"<p><span style=\"color: #ff0000\"><strong>Nouveaut\u00e9!<\/strong><\/span><\/p>\n<p>Un savon pour r\u00e9tablir l\u2019harmonie en vous et avec la nature. Purifiante et r\u00e9g\u00e9n\u00e9rative, les bienfaits de la sauge sont impressionnants.<\/p>\n<p><strong><span style=\"color: #000080\">Ce savon est sacr\u00e9 !<\/span><br \/>\n<span style=\"color: #000080\">Une partie des ventes de ce savon sera revers\u00e9e \u00e0 l&#8217;organisme qu\u00e9b\u00e9cois <a href=\"https:\/\/mission1000tonnes.com\/\" target=\"_blank\" rel=\"noopener\">Mission 1000 tonnes<\/a>.<\/span><\/strong><\/p>\n<p>L\u2019eau est une ressource \u00e0 prot\u00e9ger. Au Qu\u00e9bec, au Canada, nous sommes chanceux d\u2019en avoir en abondance ! Dans quelle mesure en prenons-nous soin ?!<br \/>\nQue ce soit sous forme de rivi\u00e8res, de lacs, de mers ou de fleuves; comme bon nombre d\u2019entre vous; chez Quai des Bulles nous tenons \u00e0 ce pr\u00e9cieux liquide !<\/p>\n<p>C\u2019est pour cela que ce savon aux couleurs aquatiques et \u00e0 l\u2019odeur sacr\u00e9e est n\u00e9 ! Nous voulons contribuer \u00e0 notre mani\u00e8re.<\/p>\n<p><em><a href=\"https:\/\/mission1000tonnes.com\/\" target=\"_blank\" rel=\"noopener\">Mission 1000 tonnes<\/a> est un organisme aux projets ambitieux, \u00e9ducatifs et rassembleurs pour prot\u00e9ger les \u00e9cosyst\u00e8mes marins et aquatiques !<\/em><\/p>\n<p><strong>100 g<\/strong><\/p>\n<p><span style=\"color: #ff0000\"><strong>* Obtenez <a style=\"color: #ff0000\" href=\"https:\/\/www.quaidesbulles.ca\/en\/free-soap-bar-promotion\/\">1 savon gratuit<\/a> \u00e0 l&#8217;achat de 10 savons au choix portant cette mention<\/strong><\/span><\/p>\n","protected":false},"featured_media":27027,"template":"","meta":{"_acf_changed":false},"product_brand":[],"product_cat":[365,366],"product_tag":[],"class_list":{"0":"post-41569","1":"product","2":"type-product","3":"status-publish","4":"has-post-thumbnail","6":"product_cat-soaps","7":"product_cat-rice-bran-oil-soaps","9":"first","10":"instock","11":"taxable","12":"shipping-taxable","13":"purchasable","14":"product-type-simple"},"bundled_by":[],"bundle_stock_status":"instock","bundle_stock_quantity":47,"bundle_virtual":false,"bundle_layout":"","bundle_add_to_cart_form_location":"","bundle_editable_in_cart":false,"bundle_sold_individually_context":"","bundle_item_grouping":"","bundle_min_size":"","bundle_max_size":"","bundle_price":[],"bundled_items":[],"bundle_sell_ids":[],"acf":[],"_links":{"self":[{"href":"https:\/\/www.quaidesbulles.ca\/en\/wp-json\/wp\/v2\/product\/41569","targetHints":{"allow":["GET"]}}],"collection":[{"href":"https:\/\/www.quaidesbulles.ca\/en\/wp-json\/wp\/v2\/product"}],"about":[{"href":"https:\/\/www.quaidesbulles.ca\/en\/wp-json\/wp\/v2\/types\/product"}],"wp:featuredmedia":[{"embeddable":true,"href":"https:\/\/www.quaidesbulles.ca\/en\/wp-json\/wp\/v2\/media\/27027"}],"wp:attachment":[{"href":"https:\/\/www.quaidesbulles.ca\/en\/wp-json\/wp\/v2\/media?parent=41569"}],"wp:term":[{"taxonomy":"product_brand","embeddable":true,"href":"https:\/\/www.quaidesbulles.ca\/en\/wp-json\/wp\/v2\/product_brand?post=41569"},{"taxonomy":"product_cat","embeddable":true,"href":"https:\/\/www.quaidesbulles.ca\/en\/wp-json\/wp\/v2\/product_cat?post=41569"},{"taxonomy":"product_tag","embeddable":true,"href":"https:\/\/www.quaidesbulles.ca\/en\/wp-json\/wp\/v2\/product_tag?post=41569"}],"curies":[{"name":"wp","href":"https:\/\/api.w.org\/{rel}","templated":true}]}}