{"id":41566,"date":"2020-03-19T14:30:21","date_gmt":"2020-03-19T18:30:21","guid":{"rendered":"https:\/\/www.quaidesbulles.ca\/produit\/savons-en-vrac-a-prix-reduit\/"},"modified":"2026-03-26T10:12:38","modified_gmt":"2026-03-26T14:12:38","slug":"savons-en-vrac-a-prix-reduit","status":"publish","type":"product","link":"https:\/\/www.quaidesbulles.ca\/en\/produit\/savons-en-vrac-a-prix-reduit\/","title":{"rendered":"Savons dans la lune \u00e0 prix r\u00e9duit"},"content":{"rendered":"<p>Comprend 10 savons en vrac assortis format 100 g.<\/p>\n","protected":false},"excerpt":{"rendered":"<p><strong>Achetez 10 savons assortis et \u00e9conomisez!<\/strong><br \/>\nCes savons sont les d\u00e9mos que nous utilisons lors de nos \u00e9v\u00e8nements, des savons avec de petits d\u00e9fauts ou des erreurs de fabrication (mauvaise couleur par exemple). Ces p&#8217;tits <em>rejets<\/em> conservent leurs bienfaits et ne demandent qu&#8217;\u00e0 \u00eatre utilis\u00e9s. Une offre parfaite pour celles et ceux qui n&#8217;aiment pas le gaspillage, qui ne sont pas difficiles ou qui appr\u00e9cient les surprises!<\/p>\n<p>Veuillez noter que vous n&#8217;avez pas la possibilit\u00e9 de choisir vos savons pour cette offre (savons assortis). Laissez-nous vous surprendre \ud83d\ude09<\/p>\n<p><span style=\"color: #ff0000\">Vendus tels quels | Aucun retour | Quantit\u00e9s limit\u00e9es<\/span><\/p>\n<p><strong>10 x 100 g<\/strong><\/p>\n","protected":false},"featured_media":26015,"template":"","meta":{"_acf_changed":false},"product_brand":[],"product_cat":[845,365],"product_tag":[],"class_list":{"0":"post-41566","1":"product","2":"type-product","3":"status-publish","4":"has-post-thumbnail","6":"product_cat-other-soaps","7":"product_cat-soaps","9":"first","10":"instock","11":"taxable","12":"shipping-taxable","13":"purchasable","14":"product-type-simple"},"bundled_by":[],"bundle_stock_status":"instock","bundle_stock_quantity":12,"bundle_virtual":false,"bundle_layout":"","bundle_add_to_cart_form_location":"","bundle_editable_in_cart":false,"bundle_sold_individually_context":"","bundle_item_grouping":"","bundle_min_size":"","bundle_max_size":"","bundle_price":[],"bundled_items":[],"bundle_sell_ids":[],"acf":[],"_links":{"self":[{"href":"https:\/\/www.quaidesbulles.ca\/en\/wp-json\/wp\/v2\/product\/41566","targetHints":{"allow":["GET"]}}],"collection":[{"href":"https:\/\/www.quaidesbulles.ca\/en\/wp-json\/wp\/v2\/product"}],"about":[{"href":"https:\/\/www.quaidesbulles.ca\/en\/wp-json\/wp\/v2\/types\/product"}],"wp:featuredmedia":[{"embeddable":true,"href":"https:\/\/www.quaidesbulles.ca\/en\/wp-json\/wp\/v2\/media\/26015"}],"wp:attachment":[{"href":"https:\/\/www.quaidesbulles.ca\/en\/wp-json\/wp\/v2\/media?parent=41566"}],"wp:term":[{"taxonomy":"product_brand","embeddable":true,"href":"https:\/\/www.quaidesbulles.ca\/en\/wp-json\/wp\/v2\/product_brand?post=41566"},{"taxonomy":"product_cat","embeddable":true,"href":"https:\/\/www.quaidesbulles.ca\/en\/wp-json\/wp\/v2\/product_cat?post=41566"},{"taxonomy":"product_tag","embeddable":true,"href":"https:\/\/www.quaidesbulles.ca\/en\/wp-json\/wp\/v2\/product_tag?post=41566"}],"curies":[{"name":"wp","href":"https:\/\/api.w.org\/{rel}","templated":true}]}}