{"id":41563,"date":"2025-02-24T09:36:56","date_gmt":"2025-02-24T14:36:56","guid":{"rendered":"https:\/\/www.quaidesbulles.ca\/produit\/porte-savon-en-liege\/"},"modified":"2025-09-26T14:40:51","modified_gmt":"2025-09-26T18:40:51","slug":"porte-savon-en-liege","status":"publish","type":"product","link":"https:\/\/www.quaidesbulles.ca\/en\/produit\/porte-savon-en-liege\/","title":{"rendered":"Porte-savon en li\u00e8ge"},"content":{"rendered":"<p>Voici un porte savon original fabriqu\u00e9 en li\u00e8ge, avec une d\u00e9coupe inclin\u00e9e pour un bon \u00e9coulement.<\/p>\n<p>Le li\u00e8ge contient de la sub\u00e9rine, un type de cire naturelle qui le prot\u00e8ge du temps et du contact avec l\u2019eau. Le li\u00e8ge est un mat\u00e9riau 100% naturel et d\u2019origine durable.<\/p>\n<p>Le li\u00e8ge poss\u00e8de des caract\u00e9ristiques inn\u00e9es et uniques: r\u00e9sistant et l\u00e9ger, isolant thermique et acoustique, imperm\u00e9able aux liquides, \u00e9lastique et compressible, r\u00e9sistant au feu et hypoallerg\u00e9nique. Mais surtout, le li\u00e8ge est une mati\u00e8re 100% naturelle, renouvelable et biod\u00e9gradable. Cela fait du li\u00e8ge une mati\u00e8re exceptionnelle.<\/p>\n<p>Fabriqu\u00e9 en Espagne.<\/p>\n<p>Dimensions int\u00e9rieures\u00a0 : 105 x 85 mm 20 mm hauteur (4 in x 3.25 in x 0.75 in)<\/p>\n<h3><strong>LE LI\u00c8GE<br \/>\n<\/strong>d\u00e9couvrez la fabrication et les caract\u00e9ristiques ci-dessous :<\/h3>\n<p><strong>QU\u2019EST-CE QUE LE LI\u00c8GE?<\/strong><br \/>\nLe li\u00e8ge est l\u2019\u00e9corce d\u2019un arbre : le ch\u00eane-li\u00e8ge.<br \/>\nCette esp\u00e8ce est typique de la r\u00e9gion m\u00e9diterran\u00e9enne occidentale. Il pousse au Portugal et<br \/>\nen Espagne, mais aussi au Maroc, en Alg\u00e9rie et en Tunisie. Il occupe \u00e9galement le sud de la<br \/>\nFrance et la c\u00f4te occidentale de l\u2019Italie, y compris la Sicile, la Corse et la Sardaigne.<br \/>\nLa particularit\u00e9 de l\u2019\u00e9corce du ch\u00eane-li\u00e8ge est de poss\u00e9der une couche externe constitu\u00e9e<br \/>\npar des cellules sub\u00e9ris\u00e9es qui forment un tissu homog\u00e8ne, \u00e9lastique,imperm\u00e9able et ayant<br \/>\nune bonne isolation thermique : le li\u00e8ge.<\/p>\n<p><strong>LES CARACT\u00c9RISTIQUES DU LI\u00c8GE<\/strong><br \/>\nLe li\u00e8ge poss\u00e8de des caract\u00e9ristiques inn\u00e9es et uniques : il est r\u00e9sistant et l\u00e9ger, isolant thermique<br \/>\net acoustique, imperm\u00e9able aux liquides, \u00e9lastique et compressible, r\u00e9sistant au feu et<br \/>\nhypoallerg\u00e9nique. Mais surtout, le li\u00e8ge est une mati\u00e8re 100% naturelle, renouvelable et biod\u00e9gradable.<\/p>\n<p><strong>COMMENT SE D\u00c9ROULE LA FABRICATION DU LI\u00c8GE ?<\/strong><br \/>\nIl n\u2019est pas n\u00e9cessaire de couper l\u2019arbre pour obtenir du li\u00e8ge. L\u2019\u00e9corce est extraite du<br \/>\nch\u00eane-li\u00e8ge tous les 9 \u00e0 10 ans, c\u2019est ce qu\u2019on appelle \u00ab saca \u00bb ou \u00ab pela \u00bb. Ceci permet \u00e0<br \/>\nl\u2019\u00e9corce des arbres de se r\u00e9g\u00e9n\u00e9rer durant toute sa vie, en moyenne 170 ans.<br \/>\nC\u2019est \u00e0 la fin du printemps et en \u00e9t\u00e9 que le li\u00e8ge peut \u00eatre retir\u00e9 de l\u2019arbre sans l\u2019ab\u00eemer. Apr\u00e8s<br \/>\nl\u2019extraction, une nouvelle couche se forme. En cons\u00e9quence, le li\u00e8ge est une ressource<br \/>\nnaturelle renouvelable et durable \u00e0 titre exceptionnel.<\/p>\n<p><strong>QUI EXTRAIT LA MATI\u00c8RE LI\u00c8GE DE L\u2019ARBRE ?<\/strong><br \/>\nLa population rurale de la r\u00e9gion est organis\u00e9e en \u00e9quipes de ramasseurs, les \u00ab corcheros \u00bb.<br \/>\nLeur travail n\u2019est pas m\u00e9canis\u00e9, il est manuel, ce qui requiert une grande habilet\u00e9 et une pr\u00e9cision<br \/>\npour \u00e9viter d\u2019endommager l\u2019arbre.<br \/>\nLa coupe est pratiqu\u00e9e \u00e0 l\u2019aide de haches, les ramasseurs empilent alors les \u00e9corces et les<br \/>\nchargent sur le dos des mules, qui les ram\u00e8neront jusqu\u2019au d\u00e9p\u00f4t.<br \/>\nLes \u00e9corces sont stock\u00e9es \u00e0 l\u2019ext\u00e9rieur environ 6 mois. De cette fa\u00e7on le li\u00e8ge perd son humidit\u00e9<br \/>\net sa composition devient plus homog\u00e8ne (ses cellules vont se stabiliser). Puis, les \u00e9corces<br \/>\nsont cuites dans l\u2019eau pendant une heure, et ainsi prennent une forme de planche. La cuisson<br \/>\nsert aussi \u00e0 enlever les impuret\u00e9s, am\u00e9liorer son \u00e9lasticit\u00e9 et augmenter son volume.<\/p>\n<p><strong>QU\u2019EST-CE QUE LE LI\u00c8GE AGGLOM\u00c9R\u00c9?<\/strong><br \/>\nLe li\u00e8ge provenant des deux premiers \u00e9cor\u00e7ages est d\u2019abord broy\u00e9 en petits morceaux. Ils<br \/>\nsont ensuite compress\u00e9s avec de la r\u00e9sine. Il en r\u00e9sulte du li\u00e8ge agglom\u00e9r\u00e9 sous forme de<br \/>\nplanches, qui vont \u00eatre utilis\u00e9es comme isolants acoustiques et thermiques dans le domaine<br \/>\nde la construction, et \u00e9galement pour des produits d\u2019ordre d\u00e9coratif.<br \/>\nConcernant les chutes r\u00e9cup\u00e9r\u00e9es lors de la fabrication des bouchons, elles vont aussi \u00eatre<br \/>\nbroy\u00e9es et compact\u00e9es avec de la r\u00e9sine, pour en faire des produits innovants encore plus<br \/>\ntechniques.<\/p>\n<p><strong>AVANTAGES ENVIRONNEMENTAUX DE L\u2019UTILISATION DU LI\u00c8GE NATUREL<\/strong><br \/>\nLe ch\u00eane-li\u00e8ge (Quercus suber) est l\u2019une des esp\u00e8ces qui absorbent le plus de C02 par photosynth\u00e8se.<br \/>\nPour chaque kg de li\u00e8ge, 50 kilogrammes de C02 sont absorb\u00e9s et ainsi retir\u00e9s<br \/>\nde l\u2019atmosph\u00e8re, essentielle \u00e0 la lutte contre le changement climatique.<br \/>\nUne fois adulte, le ch\u00eane-li\u00e8ge est le centre de la vie dans la for\u00eat: il sert de refuge \u00e0 une<br \/>\ngrande vari\u00e9t\u00e9 d\u2019animaux, conserve l\u2019humidit\u00e9 du sol et les racines jouent un r\u00f4le contre l\u2019\u00e9rosion.<br \/>\nLes bouchons en li\u00e8ge ayant d\u00e9j\u00e0 \u00e9t\u00e9 utilis\u00e9s pour boucher des bouteilles peuvent \u00eatre recycl\u00e9s<br \/>\npour en faire des produits de rev\u00eatement ou des objets d\u00e9coratifs, ce qui en fait une<br \/>\nextraordinaire mati\u00e8re \u00e9co efficiente.<\/p>\n","protected":false},"excerpt":{"rendered":"<p>Ce porte-savon a une <strong>d\u00e9coupe inclin\u00e9e<\/strong> pour un bon <strong>\u00e9coulement<\/strong>.<\/p>\n<p><strong>LE LI\u00c8GE<\/strong> d\u00e9couvrez la fabrication, les caract\u00e9ristiques ci-dessous dans l&#8217;onglet description.<\/p>\n","protected":false},"featured_media":39654,"template":"","meta":{"_acf_changed":false,"rs_blank_template":"","rs_page_bg_color":"","slide_template_v7":""},"product_brand":[],"product_cat":[364,380,384],"product_tag":[],"class_list":{"0":"post-41563","1":"product","2":"type-product","3":"status-publish","4":"has-post-thumbnail","6":"product_cat-new-products","7":"product_cat-other-products-accessories","8":"product_cat-accessories","10":"first","11":"instock","12":"taxable","13":"shipping-taxable","14":"purchasable","15":"product-type-simple"},"bundled_by":[],"bundle_stock_status":"instock","bundle_stock_quantity":13,"bundle_virtual":false,"bundle_layout":"","bundle_add_to_cart_form_location":"","bundle_editable_in_cart":false,"bundle_sold_individually_context":"","bundle_item_grouping":"","bundle_min_size":"","bundle_max_size":"","bundle_price":[],"bundled_items":[],"bundle_sell_ids":[],"acf":[],"_links":{"self":[{"href":"https:\/\/www.quaidesbulles.ca\/en\/wp-json\/wp\/v2\/product\/41563","targetHints":{"allow":["GET"]}}],"collection":[{"href":"https:\/\/www.quaidesbulles.ca\/en\/wp-json\/wp\/v2\/product"}],"about":[{"href":"https:\/\/www.quaidesbulles.ca\/en\/wp-json\/wp\/v2\/types\/product"}],"wp:featuredmedia":[{"embeddable":true,"href":"https:\/\/www.quaidesbulles.ca\/en\/wp-json\/wp\/v2\/media\/39654"}],"wp:attachment":[{"href":"https:\/\/www.quaidesbulles.ca\/en\/wp-json\/wp\/v2\/media?parent=41563"}],"wp:term":[{"taxonomy":"product_brand","embeddable":true,"href":"https:\/\/www.quaidesbulles.ca\/en\/wp-json\/wp\/v2\/product_brand?post=41563"},{"taxonomy":"product_cat","embeddable":true,"href":"https:\/\/www.quaidesbulles.ca\/en\/wp-json\/wp\/v2\/product_cat?post=41563"},{"taxonomy":"product_tag","embeddable":true,"href":"https:\/\/www.quaidesbulles.ca\/en\/wp-json\/wp\/v2\/product_tag?post=41563"}],"curies":[{"name":"wp","href":"https:\/\/api.w.org\/{rel}","templated":true}]}}