{"id":41560,"date":"2023-04-10T17:16:54","date_gmt":"2023-04-10T21:16:54","guid":{"rendered":"https:\/\/www.quaidesbulles.ca\/produit\/trio-savons-dinvites-lexfoliant\/"},"modified":"2026-01-09T10:50:57","modified_gmt":"2026-01-09T15:50:57","slug":"trio-savons-dinvites-lexfoliant","status":"publish","type":"product","link":"https:\/\/www.quaidesbulles.ca\/en\/produit\/trio-savons-dinvites-lexfoliant\/","title":{"rendered":"Trio savons d&#8217;invit\u00e9s &#8211; L&#8217;exfoliant"},"content":{"rendered":"<p>Comprend les savons suivants (3 x 50 g) :<br \/>\n<a href=\"https:\/\/www.quaidesbulles.ca\/en\/produit\/spelt-exfoliating-soap\/\">Savon exfoliant \u00e0 l&#8217;\u00e9peautre<\/a><br \/>\n<a href=\"https:\/\/www.quaidesbulles.ca\/en\/produit\/gardeners-soap-coffee\/\">Savon exfoliant au caf\u00e9 &#8211; Le jardinier &#8211;<\/a><br \/>\n<a href=\"https:\/\/www.quaidesbulles.ca\/en\/produit\/pumice-stone-ultra-exfoliating-soap\/\">Savon exfoliant \u00e0 la pierre ponce<\/a><\/p>\n","protected":false},"excerpt":{"rendered":"<p>Nos trios de savons format invit\u00e9 vous sont propos\u00e9s sous diff\u00e9rentes th\u00e9matiques. \u00c0 offrir \u00e0 vos h\u00f4tes ou pour recevoir vos invit\u00e9s avec une touche personnalis\u00e9e.<\/p>\n<p><strong>3 x 50 g<\/strong><\/p>\n","protected":false},"featured_media":31275,"template":"","meta":{"_acf_changed":false,"rs_blank_template":"","rs_page_bg_color":"","slide_template_v7":""},"product_brand":[],"product_cat":[365,810,846,847],"product_tag":[],"class_list":{"0":"post-41560","1":"product","2":"type-product","3":"status-publish","4":"has-post-thumbnail","6":"product_cat-soaps","7":"product_cat-ensembles-coffrets-et-boites-cadeaux-en","8":"product_cat-gift-under-20","9":"product_cat-cadeaux-pour-papa-en","10":"pa_format-3-x-50-g-en","12":"first","13":"instock","14":"taxable","15":"shipping-taxable","16":"purchasable","17":"product-type-simple"},"bundled_by":[],"bundle_stock_status":"instock","bundle_stock_quantity":33,"bundle_virtual":false,"bundle_layout":"","bundle_add_to_cart_form_location":"","bundle_editable_in_cart":false,"bundle_sold_individually_context":"","bundle_item_grouping":"","bundle_min_size":"","bundle_max_size":"","bundle_price":[],"bundled_items":[],"bundle_sell_ids":[],"acf":[],"_links":{"self":[{"href":"https:\/\/www.quaidesbulles.ca\/en\/wp-json\/wp\/v2\/product\/41560","targetHints":{"allow":["GET"]}}],"collection":[{"href":"https:\/\/www.quaidesbulles.ca\/en\/wp-json\/wp\/v2\/product"}],"about":[{"href":"https:\/\/www.quaidesbulles.ca\/en\/wp-json\/wp\/v2\/types\/product"}],"wp:featuredmedia":[{"embeddable":true,"href":"https:\/\/www.quaidesbulles.ca\/en\/wp-json\/wp\/v2\/media\/31275"}],"wp:attachment":[{"href":"https:\/\/www.quaidesbulles.ca\/en\/wp-json\/wp\/v2\/media?parent=41560"}],"wp:term":[{"taxonomy":"product_brand","embeddable":true,"href":"https:\/\/www.quaidesbulles.ca\/en\/wp-json\/wp\/v2\/product_brand?post=41560"},{"taxonomy":"product_cat","embeddable":true,"href":"https:\/\/www.quaidesbulles.ca\/en\/wp-json\/wp\/v2\/product_cat?post=41560"},{"taxonomy":"product_tag","embeddable":true,"href":"https:\/\/www.quaidesbulles.ca\/en\/wp-json\/wp\/v2\/product_tag?post=41560"}],"curies":[{"name":"wp","href":"https:\/\/api.w.org\/{rel}","templated":true}]}}