{"id":41556,"date":"2018-03-07T21:30:10","date_gmt":"2018-03-08T02:30:10","guid":{"rendered":"https:\/\/www.quaidesbulles.ca\/produit\/savons-feutres-fibre-alpaga-et-mouton\/"},"modified":"2026-03-19T10:10:28","modified_gmt":"2026-03-19T14:10:28","slug":"savons-feutres-fibre-alpaga-et-mouton","status":"publish","type":"product","link":"https:\/\/www.quaidesbulles.ca\/en\/produit\/savons-feutres-fibre-alpaga-et-mouton\/","title":{"rendered":"Savons feutr\u00e9s en fibre d&#8217;alpaga et de mouton"},"content":{"rendered":"<p>Choix: C\u00e8dre bleu, Ortie et soya, Hypo sans parfum<\/p>\n<p><em>* Les motifs et couleurs du feutre peuvent varier.<\/em><\/p>\n","protected":false},"excerpt":{"rendered":"<p>Savons feutr\u00e9s en fibre d&#8217;alpaga et de mouton. Pratiques et color\u00e9s!<\/p>\n<p>\u2022 Savon et gant de toilette tout-en-un<br \/>\n\u2022 Exfolie et nettoie la peau en douceur<br \/>\n\u2022 Facile \u00e0 manipuler, parfait pour les enfants!<br \/>\n\u2022 Le savon dure plus longtemps<br \/>\n\u2022 \u00c9cologique et biod\u00e9gradable<br \/>\n\u2022 Propri\u00e9t\u00e9s antibact\u00e9riennes<\/p>\n<p><strong>100 g<\/strong><\/p>\n<p>Feutr\u00e9s avec la laine de\u00a0 <a href=\"https:\/\/www.fibresetcie.com\/\" target=\"_blank\" rel=\"noopener\">Ferme fibres et compagnie (Alpaga d&#8217;Aldo)<\/a> de St-Alexandre-de-Kamouraska<\/p>\n<p><em>* Les motifs et couleurs du feutre peuvent varier.<\/em><\/p>\n","protected":false},"featured_media":35085,"template":"","meta":{"_acf_changed":false,"rs_blank_template":"","rs_page_bg_color":"","slide_template_v7":""},"product_brand":[],"product_cat":[845,846,365,373,443],"product_tag":[],"class_list":{"0":"post-41556","1":"product","2":"type-product","3":"status-publish","4":"has-post-thumbnail","6":"product_cat-other-soaps","7":"product_cat-gift-under-20","8":"product_cat-soaps","9":"product_cat-shower-products","10":"product_cat-gift-ideas-and-christmas","11":"pa_choix-lavender","12":"pa_choix-eucalyptus-en","13":"pa_choix-fragrance-free","14":"pa_choix-nettle-and-soya-soap","15":"pa_choix-blue-cedar","17":"first","18":"instock","19":"taxable","20":"shipping-taxable","21":"purchasable","22":"product-type-variable"},"bundled_by":[],"bundle_stock_status":"instock","bundle_stock_quantity":null,"bundle_virtual":false,"bundle_layout":"","bundle_add_to_cart_form_location":"","bundle_editable_in_cart":false,"bundle_sold_individually_context":"","bundle_item_grouping":"","bundle_min_size":"","bundle_max_size":"","bundle_price":[],"bundled_items":[],"bundle_sell_ids":[],"acf":[],"_links":{"self":[{"href":"https:\/\/www.quaidesbulles.ca\/en\/wp-json\/wp\/v2\/product\/41556","targetHints":{"allow":["GET"]}}],"collection":[{"href":"https:\/\/www.quaidesbulles.ca\/en\/wp-json\/wp\/v2\/product"}],"about":[{"href":"https:\/\/www.quaidesbulles.ca\/en\/wp-json\/wp\/v2\/types\/product"}],"wp:featuredmedia":[{"embeddable":true,"href":"https:\/\/www.quaidesbulles.ca\/en\/wp-json\/wp\/v2\/media\/35085"}],"wp:attachment":[{"href":"https:\/\/www.quaidesbulles.ca\/en\/wp-json\/wp\/v2\/media?parent=41556"}],"wp:term":[{"taxonomy":"product_brand","embeddable":true,"href":"https:\/\/www.quaidesbulles.ca\/en\/wp-json\/wp\/v2\/product_brand?post=41556"},{"taxonomy":"product_cat","embeddable":true,"href":"https:\/\/www.quaidesbulles.ca\/en\/wp-json\/wp\/v2\/product_cat?post=41556"},{"taxonomy":"product_tag","embeddable":true,"href":"https:\/\/www.quaidesbulles.ca\/en\/wp-json\/wp\/v2\/product_tag?post=41556"}],"curies":[{"name":"wp","href":"https:\/\/api.w.org\/{rel}","templated":true}]}}